{"id":87,"date":"2016-04-12T07:34:14","date_gmt":"2016-04-12T07:34:14","guid":{"rendered":"http:\/\/import.getbowtied.com\/merchandiser-v1.1\/?page_id=87"},"modified":"2024-05-07T11:04:44","modified_gmt":"2024-05-07T11:04:44","slug":"cajas-sorpresa","status":"publish","type":"page","link":"https:\/\/lalocadesayunos.com\/index.php\/cajas-sorpresa\/","title":{"rendered":"CAJAS SORPRESA"},"content":{"rendered":"<p>[vc_row full_width=&#8221;stretch_row_content_no_spaces&#8221; css=&#8221;.vc_custom_1715079688656{margin-right: 40px !important;margin-bottom: 0px !important;border-right-width: 40px !important;padding-right: 40px !important;background-color: #f5f5f5 !important;background-position: 0 0 !important;background-repeat: no-repeat !important;}&#8221;][vc_column width=&#8221;1\/2&#8243; css=&#8221;.vc_custom_1715079882859{margin-top: 40px !important;margin-right: 40px !important;margin-left: 40px !important;border-right-width: 40px !important;border-left-width: 40px !important;padding-top: 5px !important;padding-right: 40px !important;padding-bottom: 70px !important;padding-left: 40px !important;}&#8221; offset=&#8221;vc_hidden-sm vc_hidden-xs&#8221;]<h1 class=\"shortcode_title secondary_font \" style=\"text-align:left;color:#000000;\" >CAJAS SORPRESA<\/h1>[vc_column_text css=&#8221;.vc_custom_1715077533726{margin-bottom: 0px !important;padding-top: 10px !important;padding-bottom: 70px !important;}&#8221;]<\/p>\n<p style=\"font-size: 21px;\">Nuestras cajas personalizadas son el regalo perfecto para ocasiones especiales. Cada caja est\u00e1 cuidadosamente dise\u00f1ada para celebrar momentos \u00fanicos en la vida de tus seres queridos. Ya sea para cumplea\u00f1os, aniversarios, bodas o simplemente para desear una pronta recuperaci\u00f3n, nuestras cajas llenas de cari\u00f1o son la manera ideal de expresar tus sentimientos. \u00a1Encuentra la caja perfecta para cada ocasi\u00f3n y haz que tu regalo sea inolvidable!<\/p>\n<p>[\/vc_column_text][\/vc_column][vc_column width=&#8221;1\/2&#8243; css=&#8221;.vc_custom_1715079760213{margin-left: 40px !important;}&#8221;]<div class=\"woocommerce columns-4 \">\n\n<ul \n\nclass=\"\tproducts products-grid \n\t\tsmall-block-grid-2 \n\t\tmedium-block-grid-3 \n\t\tlarge-block-grid-3 \n\t\txlarge-block-grid-4 \n\t\txxlarge-block-grid-4 \n\t\tcolumns-4\">\n<li class=\"product type-product post-113 status-publish first instock product_cat-desayunos has-post-thumbnail featured taxable shipping-taxable purchasable product-type-simple\">\n   \n   \t\n\n    \n    \n    <div class=\"product_thumbnail with_second_image\">\n        <a href=\"https:\/\/lalocadesayunos.com\/index.php\/producto\/dulce-salado\/\">\n                        <img fetchpriority=\"high\" decoding=\"async\" width=\"881\" height=\"1025\" src=\"https:\/\/lalocadesayunos.com\/wp-content\/uploads\/2016\/04\/IMG-20210213-WA0009.jpg\" class=\"attachment-shop_catalog size-shop_catalog wp-post-image\" alt=\"\" srcset=\"https:\/\/lalocadesayunos.com\/wp-content\/uploads\/2016\/04\/IMG-20210213-WA0009.jpg 881w, https:\/\/lalocadesayunos.com\/wp-content\/uploads\/2016\/04\/IMG-20210213-WA0009-258x300.jpg 258w, https:\/\/lalocadesayunos.com\/wp-content\/uploads\/2016\/04\/IMG-20210213-WA0009-768x894.jpg 768w, https:\/\/lalocadesayunos.com\/wp-content\/uploads\/2016\/04\/IMG-20210213-WA0009-600x698.jpg 600w\" sizes=\"(max-width: 881px) 100vw, 881px\" \/>        <\/a>\n\n                <div class=\"shop_product_buttons_wrapper\">\n            <div class=\"shop_product_buttons\">                \n                            <\/div>\n        <\/div>\n        \n        \n    <\/div><!--.product_thumbnail-->\n\n    \t\n<\/li>\n<li class=\"product type-product post-112 status-publish instock product_cat-desayunos has-post-thumbnail featured taxable shipping-taxable purchasable product-type-simple\">\n   \n   \t\n\n    \n    \n    <div class=\"product_thumbnail with_second_image\">\n        <a href=\"https:\/\/lalocadesayunos.com\/index.php\/producto\/metal-fan\/\">\n                        <img decoding=\"async\" width=\"300\" height=\"300\" src=\"https:\/\/lalocadesayunos.com\/wp-content\/uploads\/2020\/05\/brett-jordan-mQ_dgBlhpto-unsplash_1-300x300.jpg\" class=\"attachment-shop_catalog size-shop_catalog wp-post-image\" alt=\"\" srcset=\"https:\/\/lalocadesayunos.com\/wp-content\/uploads\/2020\/05\/brett-jordan-mQ_dgBlhpto-unsplash_1-300x300.jpg 300w, https:\/\/lalocadesayunos.com\/wp-content\/uploads\/2020\/05\/brett-jordan-mQ_dgBlhpto-unsplash_1-150x150.jpg 150w, https:\/\/lalocadesayunos.com\/wp-content\/uploads\/2020\/05\/brett-jordan-mQ_dgBlhpto-unsplash_1-100x100.jpg 100w\" sizes=\"(max-width: 300px) 100vw, 300px\" \/>        <\/a>\n\n                <div class=\"shop_product_buttons_wrapper\">\n            <div class=\"shop_product_buttons\">                \n                            <\/div>\n        <\/div>\n        \n        \n    <\/div><!--.product_thumbnail-->\n\n    \t\n<\/li>\n<li class=\"product type-product post-111 status-publish instock product_cat-regalos has-post-thumbnail featured taxable shipping-taxable product-type-external\">\n   \n   \t\n\n    \n    \n    <div class=\"product_thumbnail with_second_image\">\n        <a href=\"https:\/\/lalocadesayunos.com\/index.php\/producto\/custom-external-affiliate-product\/\">\n                        <img decoding=\"async\" width=\"300\" height=\"300\" src=\"https:\/\/lalocadesayunos.com\/wp-content\/uploads\/2016\/04\/imani-clovis-LxVxPA1LOVM-unsplash-300x300.jpg\" class=\"attachment-shop_catalog size-shop_catalog wp-post-image\" alt=\"\" srcset=\"https:\/\/lalocadesayunos.com\/wp-content\/uploads\/2016\/04\/imani-clovis-LxVxPA1LOVM-unsplash-300x300.jpg 300w, https:\/\/lalocadesayunos.com\/wp-content\/uploads\/2016\/04\/imani-clovis-LxVxPA1LOVM-unsplash-150x150.jpg 150w, https:\/\/lalocadesayunos.com\/wp-content\/uploads\/2016\/04\/imani-clovis-LxVxPA1LOVM-unsplash-768x768.jpg 768w, https:\/\/lalocadesayunos.com\/wp-content\/uploads\/2016\/04\/imani-clovis-LxVxPA1LOVM-unsplash-600x600.jpg 600w, https:\/\/lalocadesayunos.com\/wp-content\/uploads\/2016\/04\/imani-clovis-LxVxPA1LOVM-unsplash-100x100.jpg 100w, https:\/\/lalocadesayunos.com\/wp-content\/uploads\/2016\/04\/imani-clovis-LxVxPA1LOVM-unsplash.jpg 1000w\" sizes=\"(max-width: 300px) 100vw, 300px\" \/>        <\/a>\n\n                <div class=\"shop_product_buttons_wrapper\">\n            <div class=\"shop_product_buttons\">                \n                            <\/div>\n        <\/div>\n        \n        \n    <\/div><!--.product_thumbnail-->\n\n    \t\n<\/li>\n<li class=\"product type-product post-107 status-publish last instock product_cat-desayunos has-post-thumbnail taxable shipping-taxable purchasable product-type-simple\">\n   \n   \t\n\n    \n    \n    <div class=\"product_thumbnail with_second_image\">\n        <a href=\"https:\/\/lalocadesayunos.com\/index.php\/producto\/forrest-collection-african-mask\/\">\n                        <img loading=\"lazy\" decoding=\"async\" width=\"1200\" height=\"1200\" src=\"https:\/\/lalocadesayunos.com\/wp-content\/uploads\/2016\/04\/dummy-5.jpg\" class=\"attachment-shop_catalog size-shop_catalog wp-post-image\" alt=\"\" \/>        <\/a>\n\n                <div class=\"shop_product_buttons_wrapper\">\n            <div class=\"shop_product_buttons\">                \n                            <\/div>\n        <\/div>\n        \n        \n    <\/div><!--.product_thumbnail-->\n\n    \t\n<\/li>\n<li class=\"product type-product post-106 status-publish first instock product_cat-meriendas has-post-thumbnail sale taxable shipping-taxable purchasable product-type-simple\">\n   \n   \t\n\n    \n    \n    <div class=\"product_thumbnail with_second_image\">\n        <a href=\"https:\/\/lalocadesayunos.com\/index.php\/producto\/dante-studio-lightling\/\">\n                        <img loading=\"lazy\" decoding=\"async\" width=\"1200\" height=\"1200\" src=\"https:\/\/lalocadesayunos.com\/wp-content\/uploads\/2016\/04\/dummy-3.jpg\" class=\"attachment-shop_catalog size-shop_catalog wp-post-image\" alt=\"\" \/>        <\/a>\n\n                <div class=\"shop_product_buttons_wrapper\">\n            <div class=\"shop_product_buttons\">                \n                            <\/div>\n        <\/div>\n        \n        \n    <\/div><!--.product_thumbnail-->\n\n    \t\n<\/li>\n<li class=\"product type-product post-105 status-publish instock product_cat-meriendas has-post-thumbnail taxable shipping-taxable purchasable product-type-simple\">\n   \n   \t\n\n    \n    \n    <div class=\"product_thumbnail with_second_image\">\n        <a href=\"https:\/\/lalocadesayunos.com\/index.php\/producto\/california-cactus\/\">\n                        <img loading=\"lazy\" decoding=\"async\" width=\"1200\" height=\"1200\" src=\"https:\/\/lalocadesayunos.com\/wp-content\/uploads\/2016\/04\/dummy-4.jpg\" class=\"attachment-shop_catalog size-shop_catalog wp-post-image\" alt=\"\" \/>        <\/a>\n\n                <div class=\"shop_product_buttons_wrapper\">\n            <div class=\"shop_product_buttons\">                \n                            <\/div>\n        <\/div>\n        \n        \n    <\/div><!--.product_thumbnail-->\n\n    \t\n<\/li>\n<\/ul>\n<\/div>[\/vc_column][\/vc_row]<\/p>\n","protected":false},"excerpt":{"rendered":"<p>[vc_row full_width=&#8221;stretch_row_content_no_spaces&#8221; css=&#8221;.vc_custom_1715079688656{margin-right: 40px !important;margin-bottom: 0px !important;border-right-width: 40px !important;padding-right: 40px !important;background-color: #f5f5f5 !important;background-position: 0 0&#8230;<\/p>\n","protected":false},"author":1,"featured_media":0,"parent":0,"menu_order":0,"comment_status":"closed","ping_status":"closed","template":"","meta":{"_joinchat":[],"footnotes":""},"class_list":["post-87","page","type-page","status-publish","hentry"],"_links":{"self":[{"href":"https:\/\/lalocadesayunos.com\/index.php\/wp-json\/wp\/v2\/pages\/87"}],"collection":[{"href":"https:\/\/lalocadesayunos.com\/index.php\/wp-json\/wp\/v2\/pages"}],"about":[{"href":"https:\/\/lalocadesayunos.com\/index.php\/wp-json\/wp\/v2\/types\/page"}],"author":[{"embeddable":true,"href":"https:\/\/lalocadesayunos.com\/index.php\/wp-json\/wp\/v2\/users\/1"}],"replies":[{"embeddable":true,"href":"https:\/\/lalocadesayunos.com\/index.php\/wp-json\/wp\/v2\/comments?post=87"}],"version-history":[{"count":16,"href":"https:\/\/lalocadesayunos.com\/index.php\/wp-json\/wp\/v2\/pages\/87\/revisions"}],"predecessor-version":[{"id":615,"href":"https:\/\/lalocadesayunos.com\/index.php\/wp-json\/wp\/v2\/pages\/87\/revisions\/615"}],"wp:attachment":[{"href":"https:\/\/lalocadesayunos.com\/index.php\/wp-json\/wp\/v2\/media?parent=87"}],"curies":[{"name":"wp","href":"https:\/\/api.w.org\/{rel}","templated":true}]}}