{"id":112,"date":"2016-04-12T10:50:04","date_gmt":"2016-04-12T10:50:04","guid":{"rendered":"http:\/\/import.getbowtied.com\/merchandiser-v1.1\/shop\/uncategorized\/metal-fan\/"},"modified":"2024-04-23T10:03:39","modified_gmt":"2024-04-23T10:03:39","slug":"metal-fan","status":"publish","type":"product","link":"https:\/\/lalocadesayunos.com\/index.php\/producto\/metal-fan\/","title":{"rendered":"Mamita Linda"},"content":{"rendered":"","protected":false},"excerpt":{"rendered":"<p>El desayuno incluye:\ud83d\udc95<br \/>\nTaza<br \/>\nCaf\u00e9 y zumo<br \/>\nBoller\u00eda del d\u00eda<br \/>\nFruta de temporada<br \/>\nJam\u00f3n serrano y queso<br \/>\nTurr\u00f3n Viena<br \/>\nTostadas crackers<br \/>\nCAJA MINI DE BOMBONES<br \/>\nPan semillas, tomate<br \/>\nMermelada y mantequilla<br \/>\nServilleta, cuchillo y tenedor (descartable)<\/p>\n<p>Revista. El desayuno se presenta en cesta de mimbre.<br \/>\nRamo de 4 globos de l\u00e1tex de helio incluido (El azul no est\u00e1 incluido)<br \/>\nTarjeta con el mensaje que t\u00fa nos digas<br \/>\nRamo de flores incluido<\/p>\n<p>&nbsp;<\/p>\n<p>Te cuento un poco m\u00e1s..<br \/>\nLas decoraciones son orientativas. Cu\u00e9ntame de que ocasi\u00f3n especial se trata y lo adaptaremos. Cuando es un cumplea\u00f1os incluye el n\u00famero.<\/p>\n<p>Nos adaptamos a la locura que se te ocurra. No hay dos desayunos iguales, cada uno es \u00fanico!<\/p>\n","protected":false},"featured_media":440,"comment_status":"open","ping_status":"closed","template":"","meta":{"_joinchat":[]},"product_cat":[31],"product_tag":[],"class_list":["post-112","product","type-product","status-publish","has-post-thumbnail","hentry","product_cat-desayunos"],"_links":{"self":[{"href":"https:\/\/lalocadesayunos.com\/index.php\/wp-json\/wp\/v2\/product\/112"}],"collection":[{"href":"https:\/\/lalocadesayunos.com\/index.php\/wp-json\/wp\/v2\/product"}],"about":[{"href":"https:\/\/lalocadesayunos.com\/index.php\/wp-json\/wp\/v2\/types\/product"}],"replies":[{"embeddable":true,"href":"https:\/\/lalocadesayunos.com\/index.php\/wp-json\/wp\/v2\/comments?post=112"}],"wp:featuredmedia":[{"embeddable":true,"href":"https:\/\/lalocadesayunos.com\/index.php\/wp-json\/wp\/v2\/media\/440"}],"wp:attachment":[{"href":"https:\/\/lalocadesayunos.com\/index.php\/wp-json\/wp\/v2\/media?parent=112"}],"wp:term":[{"taxonomy":"product_cat","embeddable":true,"href":"https:\/\/lalocadesayunos.com\/index.php\/wp-json\/wp\/v2\/product_cat?post=112"},{"taxonomy":"product_tag","embeddable":true,"href":"https:\/\/lalocadesayunos.com\/index.php\/wp-json\/wp\/v2\/product_tag?post=112"}],"curies":[{"name":"wp","href":"https:\/\/api.w.org\/{rel}","templated":true}]}}