{"id":113,"date":"2016-04-12T10:51:19","date_gmt":"2016-04-12T10:51:19","guid":{"rendered":"http:\/\/import.getbowtied.com\/merchandiser-v1.1\/shop\/uncategorized\/mountain-houseplants\/"},"modified":"2024-04-23T10:23:16","modified_gmt":"2024-04-23T10:23:16","slug":"dulce-salado","status":"publish","type":"product","link":"https:\/\/lalocadesayunos.com\/index.php\/producto\/dulce-salado\/","title":{"rendered":"Dulce\/Salado"},"content":{"rendered":"<p>El desayuno incluye:<br \/>\nTaza<br \/>\nCaf\u00e9<br \/>\nzumo<br \/>\nBolleria<br \/>\nEmpanada Argentina<br \/>\nJam\u00f3n serrano<br \/>\nQueso<br \/>\nCerv3za Alhambra 1925<br \/>\nChocolate<br \/>\nPan de semillas<br \/>\ntomate y aceite<br \/>\nMermelada<br \/>\nchuches<\/p>\n<p>Tarjeta con el mensaje que t\u00fa nos digas<\/p>\n<p>EXTRAS:<\/p>\n<p>3 Globos de l\u00e1tex +8.00 \u20ac<br \/>\n3 Globos de l\u00e1tex con Helios 15.00\u20ac<br \/>\nRamo de flores +35\u20ac<br \/>\nCaja de bombones +15.\u20ac<\/p>\n<p>Te cuento un poco m\u00e1s..<br \/>\nLas decoraciones son orientativas. Cu\u00e9ntame de que ocasi\u00f3n especial se trata y lo adaptaremos. Cuando es un cumplea\u00f1os incluye el n\u00famero.<\/p>\n<p>Nos adaptamos a la locura que se te ocurra. No hay dos desayunos iguales, cada uno es \u00fanico!<\/p>\n","protected":false},"excerpt":{"rendered":"<p>El desayuno incluye: Taza Caf\u00e9 zumo Bolleria Empanada Argentina Jam\u00f3n serrano Queso Cerv3za Alhambra 1925&#8230;<\/p>\n","protected":false},"featured_media":468,"comment_status":"open","ping_status":"closed","template":"","meta":{"_joinchat":[]},"product_cat":[31],"product_tag":[],"class_list":["post-113","product","type-product","status-publish","has-post-thumbnail","hentry","product_cat-desayunos"],"_links":{"self":[{"href":"https:\/\/lalocadesayunos.com\/index.php\/wp-json\/wp\/v2\/product\/113"}],"collection":[{"href":"https:\/\/lalocadesayunos.com\/index.php\/wp-json\/wp\/v2\/product"}],"about":[{"href":"https:\/\/lalocadesayunos.com\/index.php\/wp-json\/wp\/v2\/types\/product"}],"replies":[{"embeddable":true,"href":"https:\/\/lalocadesayunos.com\/index.php\/wp-json\/wp\/v2\/comments?post=113"}],"wp:featuredmedia":[{"embeddable":true,"href":"https:\/\/lalocadesayunos.com\/index.php\/wp-json\/wp\/v2\/media\/468"}],"wp:attachment":[{"href":"https:\/\/lalocadesayunos.com\/index.php\/wp-json\/wp\/v2\/media?parent=113"}],"wp:term":[{"taxonomy":"product_cat","embeddable":true,"href":"https:\/\/lalocadesayunos.com\/index.php\/wp-json\/wp\/v2\/product_cat?post=113"},{"taxonomy":"product_tag","embeddable":true,"href":"https:\/\/lalocadesayunos.com\/index.php\/wp-json\/wp\/v2\/product_tag?post=113"}],"curies":[{"name":"wp","href":"https:\/\/api.w.org\/{rel}","templated":true}]}}