{"id":367,"date":"2016-04-11T12:49:47","date_gmt":"2016-04-11T12:49:47","guid":{"rendered":"http:\/\/import.getbowtied.com\/merchandiser-v1.1\/?post_type=product&#038;p=9"},"modified":"2024-04-23T10:07:49","modified_gmt":"2024-04-23T10:07:49","slug":"amlight-bar-chair","status":"publish","type":"product","link":"https:\/\/lalocadesayunos.com\/index.php\/producto\/amlight-bar-chair\/","title":{"rendered":"Chocolate"},"content":{"rendered":"<p>El desayuno incluye:<br \/>\nBombones caja roja 22 u<br \/>\nBombones Ferrero Rocher 16u<br \/>\n2 tabletas de chocolate<br \/>\n(1 crunch y 1 milkbar)<br \/>\n1 Nocilla o Nutella peque\u00f1o<br \/>\n1 Kit Kat<br \/>\n1 Kinder bueno<br \/>\n1 Lacasitos<br \/>\nTarjeta con el mensaje que t\u00fa nos digas<\/p>\n<p>EXTRAS:<\/p>\n<p>3 Globos de l\u00e1tex +10 \u20ac<br \/>\nGlobo burbuja +15\u20ac<br \/>\nRamo de flores +25\u20ac<br \/>\nGlobos de l\u00e1tex + ramo de flores +30\u20ac<br \/>\nCapazo +25\u20ac (se cambia la caja por un capazo)<\/p>\n<p>Te cuento un poco m\u00e1s..<br \/>\nLas decoraciones son orientativas. Cu\u00e9ntame de que ocasi\u00f3n especial se trata y lo adaptaremos. Cuando es un cumplea\u00f1os incluye el n\u00famero.<\/p>\n<p>Nos adaptamos a la locura que se te ocurra. No hay dos desayunos iguales, cada uno es \u00fanico!<\/p>\n","protected":false},"excerpt":{"rendered":"<p>El desayuno incluye: Bombones caja roja 22 u Bombones Ferrero Rocher 16u 2 tabletas de&#8230;<\/p>\n","protected":false},"featured_media":101,"comment_status":"open","ping_status":"closed","template":"","meta":{"_joinchat":[]},"product_cat":[31],"product_tag":[],"class_list":["post-367","product","type-product","status-publish","has-post-thumbnail","hentry","product_cat-desayunos"],"_links":{"self":[{"href":"https:\/\/lalocadesayunos.com\/index.php\/wp-json\/wp\/v2\/product\/367"}],"collection":[{"href":"https:\/\/lalocadesayunos.com\/index.php\/wp-json\/wp\/v2\/product"}],"about":[{"href":"https:\/\/lalocadesayunos.com\/index.php\/wp-json\/wp\/v2\/types\/product"}],"replies":[{"embeddable":true,"href":"https:\/\/lalocadesayunos.com\/index.php\/wp-json\/wp\/v2\/comments?post=367"}],"wp:featuredmedia":[{"embeddable":true,"href":"https:\/\/lalocadesayunos.com\/index.php\/wp-json\/wp\/v2\/media\/101"}],"wp:attachment":[{"href":"https:\/\/lalocadesayunos.com\/index.php\/wp-json\/wp\/v2\/media?parent=367"}],"wp:term":[{"taxonomy":"product_cat","embeddable":true,"href":"https:\/\/lalocadesayunos.com\/index.php\/wp-json\/wp\/v2\/product_cat?post=367"},{"taxonomy":"product_tag","embeddable":true,"href":"https:\/\/lalocadesayunos.com\/index.php\/wp-json\/wp\/v2\/product_tag?post=367"}],"curies":[{"name":"wp","href":"https:\/\/api.w.org\/{rel}","templated":true}]}}