{"id":455,"date":"2023-05-29T18:28:57","date_gmt":"2023-05-29T18:28:57","guid":{"rendered":"https:\/\/lalocadesayunos.com\/?post_type=product&#038;p=455"},"modified":"2024-04-24T11:20:54","modified_gmt":"2024-04-24T11:20:54","slug":"infantil-adolescente","status":"publish","type":"product","link":"https:\/\/lalocadesayunos.com\/index.php\/producto\/infantil-adolescente\/","title":{"rendered":"Infantil \/ Adolescente"},"content":{"rendered":"<p style=\"text-align: center;\">\u00a1Despierta sonrisas con nuestro desayuno personalizable para los consentidos de la casa! Desde la primera mordida, cada ma\u00f1ana se convierte en una aventura llena de sabor y diversi\u00f3n. Elige tu tema favorito y crea momentos inolvidables mientras disfrutas de un desayuno dise\u00f1ado especialmente para ti.<\/p>\n<p style=\"text-align: center;\">\u00a1Haz que cada d\u00eda sea especial!<\/p>\n","protected":false},"excerpt":{"rendered":"<p>El desayuno incluye:<br \/>\nTaza<br \/>\nHuevo Kinder<br \/>\nKinder bueno<br \/>\nCacaolat<br \/>\nZumo<br \/>\nSnack<br \/>\nNocilla y rosquilletas<br \/>\n3 bolsitas de Minigalletas oreo, pr\u00edncipe y cookies Lacasitos<br \/>\nChucher\u00edas<br \/>\nRosquilletas<\/p>\n","protected":false},"featured_media":487,"comment_status":"open","ping_status":"closed","template":"","meta":{"_joinchat":[]},"product_cat":[31],"product_tag":[43,42,41],"class_list":["post-455","product","type-product","status-publish","has-post-thumbnail","hentry","product_cat-desayunos","product_tag-cumpleanos","product_tag-ninos","product_tag-regalos","product_shipping_class-envio-en-24-horas"],"_links":{"self":[{"href":"https:\/\/lalocadesayunos.com\/index.php\/wp-json\/wp\/v2\/product\/455"}],"collection":[{"href":"https:\/\/lalocadesayunos.com\/index.php\/wp-json\/wp\/v2\/product"}],"about":[{"href":"https:\/\/lalocadesayunos.com\/index.php\/wp-json\/wp\/v2\/types\/product"}],"replies":[{"embeddable":true,"href":"https:\/\/lalocadesayunos.com\/index.php\/wp-json\/wp\/v2\/comments?post=455"}],"wp:featuredmedia":[{"embeddable":true,"href":"https:\/\/lalocadesayunos.com\/index.php\/wp-json\/wp\/v2\/media\/487"}],"wp:attachment":[{"href":"https:\/\/lalocadesayunos.com\/index.php\/wp-json\/wp\/v2\/media?parent=455"}],"wp:term":[{"taxonomy":"product_cat","embeddable":true,"href":"https:\/\/lalocadesayunos.com\/index.php\/wp-json\/wp\/v2\/product_cat?post=455"},{"taxonomy":"product_tag","embeddable":true,"href":"https:\/\/lalocadesayunos.com\/index.php\/wp-json\/wp\/v2\/product_tag?post=455"}],"curies":[{"name":"wp","href":"https:\/\/api.w.org\/{rel}","templated":true}]}}